{"id":226,"date":"2016-02-16T16:03:19","date_gmt":"2016-02-16T16:03:19","guid":{"rendered":"http:\/\/demo.athemes.com\/astrid\/?page_id=226"},"modified":"2021-04-18T22:26:45","modified_gmt":"2021-04-18T20:26:45","slug":"service-1","status":"publish","type":"page","link":"http:\/\/msracing.waw.pl\/?page_id=226","title":{"rendered":"Sprzeda\u017c Opon"},"content":{"rendered":"<p>Prowadzimy sprzeda\u017c opon &#8211; nowych i u\u017cywanych<\/p>\n","protected":false},"excerpt":{"rendered":"<p>Prowadzimy sprzeda\u017c opon &#8211; nowych i u\u017cywanych<\/p>\n","protected":false},"author":1,"featured_media":278,"parent":0,"menu_order":-1,"comment_status":"closed","ping_status":"closed","template":"page-templates\/single-service.php","meta":{"footnotes":""},"class_list":["post-226","page","type-page","status-publish","has-post-thumbnail","hentry","clearfix"],"_links":{"self":[{"href":"http:\/\/msracing.waw.pl\/index.php?rest_route=\/wp\/v2\/pages\/226","targetHints":{"allow":["GET"]}}],"collection":[{"href":"http:\/\/msracing.waw.pl\/index.php?rest_route=\/wp\/v2\/pages"}],"about":[{"href":"http:\/\/msracing.waw.pl\/index.php?rest_route=\/wp\/v2\/types\/page"}],"author":[{"embeddable":true,"href":"http:\/\/msracing.waw.pl\/index.php?rest_route=\/wp\/v2\/users\/1"}],"replies":[{"embeddable":true,"href":"http:\/\/msracing.waw.pl\/index.php?rest_route=%2Fwp%2Fv2%2Fcomments&post=226"}],"version-history":[{"count":2,"href":"http:\/\/msracing.waw.pl\/index.php?rest_route=\/wp\/v2\/pages\/226\/revisions"}],"predecessor-version":[{"id":279,"href":"http:\/\/msracing.waw.pl\/index.php?rest_route=\/wp\/v2\/pages\/226\/revisions\/279"}],"wp:featuredmedia":[{"embeddable":true,"href":"http:\/\/msracing.waw.pl\/index.php?rest_route=\/wp\/v2\/media\/278"}],"wp:attachment":[{"href":"http:\/\/msracing.waw.pl\/index.php?rest_route=%2Fwp%2Fv2%2Fmedia&parent=226"}],"curies":[{"name":"wp","href":"https:\/\/api.w.org\/{rel}","templated":true}]}}