{"id":82,"date":"2016-02-16T14:39:13","date_gmt":"2016-02-16T14:39:13","guid":{"rendered":"http:\/\/demo.athemes.com\/astrid\/?page_id=82"},"modified":"2021-10-10T21:14:58","modified_gmt":"2021-10-10T19:14:58","slug":"blog","status":"publish","type":"page","link":"http:\/\/msracing.waw.pl\/?page_id=82","title":{"rendered":"Autolaweta"},"content":{"rendered":"\n<p>\u015awiadczymy us\u0142ugi holowania pojazd\u00f3w na terenie Warszawy i okolic.<\/p>\n\n\n\n<p>Dysponujemy nowoczesn\u0105 auto lawet\u0105 na bazie auta Mercedes Sprinter z zabudow\u0105 przystosowan\u0105 do transportu aut osobowych w tym aut z niskim zawieszeniem np. sportowych.<\/p>\n","protected":false},"excerpt":{"rendered":"<p>\u015awiadczymy us\u0142ugi holowania pojazd\u00f3w na terenie Warszawy i okolic. Dysponujemy nowoczesn\u0105 auto lawet\u0105 na bazie auta Mercedes Sprinter z zabudow\u0105 przystosowan\u0105 do transportu aut osobowych w tym aut z niskim zawieszeniem np. sportowych.<\/p>\n","protected":false},"author":1,"featured_media":298,"parent":0,"menu_order":0,"comment_status":"closed","ping_status":"closed","template":"","meta":{"footnotes":""},"class_list":["post-82","page","type-page","status-publish","has-post-thumbnail","hentry","clearfix"],"_links":{"self":[{"href":"http:\/\/msracing.waw.pl\/index.php?rest_route=\/wp\/v2\/pages\/82","targetHints":{"allow":["GET"]}}],"collection":[{"href":"http:\/\/msracing.waw.pl\/index.php?rest_route=\/wp\/v2\/pages"}],"about":[{"href":"http:\/\/msracing.waw.pl\/index.php?rest_route=\/wp\/v2\/types\/page"}],"author":[{"embeddable":true,"href":"http:\/\/msracing.waw.pl\/index.php?rest_route=\/wp\/v2\/users\/1"}],"replies":[{"embeddable":true,"href":"http:\/\/msracing.waw.pl\/index.php?rest_route=%2Fwp%2Fv2%2Fcomments&post=82"}],"version-history":[{"count":3,"href":"http:\/\/msracing.waw.pl\/index.php?rest_route=\/wp\/v2\/pages\/82\/revisions"}],"predecessor-version":[{"id":335,"href":"http:\/\/msracing.waw.pl\/index.php?rest_route=\/wp\/v2\/pages\/82\/revisions\/335"}],"wp:featuredmedia":[{"embeddable":true,"href":"http:\/\/msracing.waw.pl\/index.php?rest_route=\/wp\/v2\/media\/298"}],"wp:attachment":[{"href":"http:\/\/msracing.waw.pl\/index.php?rest_route=%2Fwp%2Fv2%2Fmedia&parent=82"}],"curies":[{"name":"wp","href":"https:\/\/api.w.org\/{rel}","templated":true}]}}